{"id":2965,"date":"2025-09-12T11:57:58","date_gmt":"2025-09-12T15:57:58","guid":{"rendered":"https:\/\/www.lamigraine.ca\/?page_id=2965"},"modified":"2025-09-16T18:35:32","modified_gmt":"2025-09-16T22:35:32","slug":"evenements","status":"publish","type":"page","link":"https:\/\/www.lamigraine.ca\/?page_id=2965","title":{"rendered":"\u00c9v\u00e8nements"},"content":{"rendered":"\t\t<div data-elementor-type=\"wp-page\" data-elementor-id=\"2965\" class=\"elementor elementor-2965\">\n\t\t\t\t<div class=\"elementor-element elementor-element-0163cb0 e-flex e-con-boxed e-con e-parent\" data-id=\"0163cb0\" data-element_type=\"container\">\n\t\t\t\t\t<div class=\"e-con-inner\">\n\t\t\t\t<div class=\"elementor-element elementor-element-18a79a7 elementor-widget elementor-widget-text-editor\" data-id=\"18a79a7\" data-element_type=\"widget\" data-widget_type=\"text-editor.default\">\n\t\t\t\t<div class=\"elementor-widget-container\">\n\t\t\t\t\t\t\t\t\t<p>D\u00e9couvrez les activit\u00e9s sp\u00e9ciales et les s\u00e9ances d\u2019information organis\u00e9es par la Clinique La Migraine. Ces \u00e9v\u00e9nements sont con\u00e7us pour informer, soutenir et inspirer les personnes touch\u00e9es par les migraines, ainsi que leurs proches. Rejoignez-nous pour en apprendre davantage sur les migraines, poser vos questions et d\u00e9couvrir des solutions qui peuvent am\u00e9liorer votre qualit\u00e9 de vie.<\/p>\t\t\t\t\t\t\t\t<\/div>\n\t\t\t\t<\/div>\n\t\t\t\t\t<\/div>\n\t\t\t\t<\/div>\n\t\t<div class=\"elementor-element elementor-element-b8bc7aa e-flex e-con-boxed e-con e-parent\" data-id=\"b8bc7aa\" data-element_type=\"container\">\n\t\t\t\t\t<div class=\"e-con-inner\">\n\t\t\t\t<div class=\"elementor-element elementor-element-717c0ea elementor-widget elementor-widget-heading\" data-id=\"717c0ea\" data-element_type=\"widget\" data-widget_type=\"heading.default\">\n\t\t\t\t<div class=\"elementor-widget-container\">\n\t\t\t\t\t<h3 class=\"elementor-heading-title elementor-size-default\">Prochain \u00e9v\u00e8nement:<\/h3>\t\t\t\t<\/div>\n\t\t\t\t<\/div>\n\t\t\t\t\t<\/div>\n\t\t\t\t<\/div>\n\t\t<div class=\"elementor-element elementor-element-f5cca1f e-flex e-con-boxed e-con e-parent\" data-id=\"f5cca1f\" data-element_type=\"container\">\n\t\t\t\t\t<div class=\"e-con-inner\">\n\t\t\t\t<div class=\"elementor-element elementor-element-130b849 elementor-widget elementor-widget-image\" data-id=\"130b849\" data-element_type=\"widget\" data-widget_type=\"image.default\">\n\t\t\t\t<div class=\"elementor-widget-container\">\n\t\t\t\t\t\t\t\t\t\t\t\t\t\t\t<img fetchpriority=\"high\" decoding=\"async\" width=\"791\" height=\"1024\" src=\"https:\/\/www.lamigraine.ca\/wp-content\/uploads\/2025\/09\/Outreach-Poster-1-791x1024.png\" class=\"attachment-large size-large wp-image-2970\" alt=\"\" srcset=\"https:\/\/www.lamigraine.ca\/wp-content\/uploads\/2025\/09\/Outreach-Poster-1-791x1024.png 791w, https:\/\/www.lamigraine.ca\/wp-content\/uploads\/2025\/09\/Outreach-Poster-1-232x300.png 232w, https:\/\/www.lamigraine.ca\/wp-content\/uploads\/2025\/09\/Outreach-Poster-1-768x994.png 768w, https:\/\/www.lamigraine.ca\/wp-content\/uploads\/2025\/09\/Outreach-Poster-1-1187x1536.png 1187w, https:\/\/www.lamigraine.ca\/wp-content\/uploads\/2025\/09\/Outreach-Poster-1-1000x1294.png 1000w, https:\/\/www.lamigraine.ca\/wp-content\/uploads\/2025\/09\/Outreach-Poster-1-230x298.png 230w, https:\/\/www.lamigraine.ca\/wp-content\/uploads\/2025\/09\/Outreach-Poster-1-350x453.png 350w, https:\/\/www.lamigraine.ca\/wp-content\/uploads\/2025\/09\/Outreach-Poster-1-480x621.png 480w, https:\/\/www.lamigraine.ca\/wp-content\/uploads\/2025\/09\/Outreach-Poster-1.png 1545w\" sizes=\"(max-width: 791px) 100vw, 791px\" \/>\t\t\t\t\t\t\t\t\t\t\t\t\t\t\t<\/div>\n\t\t\t\t<\/div>\n\t\t\t\t\t<\/div>\n\t\t\t\t<\/div>\n\t\t<div class=\"elementor-element elementor-element-6338b73 e-flex e-con-boxed e-con e-parent\" data-id=\"6338b73\" data-element_type=\"container\">\n\t\t\t\t\t<div class=\"e-con-inner\">\n\t\t\t\t<div class=\"elementor-element elementor-element-310e87f elementor-widget elementor-widget-spacer\" data-id=\"310e87f\" data-element_type=\"widget\" data-widget_type=\"spacer.default\">\n\t\t\t\t<div class=\"elementor-widget-container\">\n\t\t\t\t\t\t\t<div class=\"elementor-spacer\">\n\t\t\t<div class=\"elementor-spacer-inner\"><\/div>\n\t\t<\/div>\n\t\t\t\t\t\t<\/div>\n\t\t\t\t<\/div>\n\t\t\t\t\t<\/div>\n\t\t\t\t<\/div>\n\t\t<div class=\"elementor-element elementor-element-829c5b1 e-flex e-con-boxed e-con e-parent\" data-id=\"829c5b1\" data-element_type=\"container\">\n\t\t\t\t\t<div class=\"e-con-inner\">\n\t\t\t\t<div class=\"elementor-element elementor-element-70be616 elementor-widget elementor-widget-text-editor\" data-id=\"70be616\" data-element_type=\"widget\" data-widget_type=\"text-editor.default\">\n\t\t\t\t<div class=\"elementor-widget-container\">\n\t\t\t\t\t\t\t\t\t<h4><em><span style=\"text-decoration: underline;\">Inscription \u00e0 l&rsquo;\u00e9v\u00e8nement<\/span><\/em><\/h4>\t\t\t\t\t\t\t\t<\/div>\n\t\t\t\t<\/div>\n\t\t\t\t\t<\/div>\n\t\t\t\t<\/div>\n\t\t<div class=\"elementor-element elementor-element-6c4cc02 e-con-full e-flex e-con e-parent\" data-id=\"6c4cc02\" data-element_type=\"container\">\n\t\t\t\t<div class=\"elementor-element elementor-element-b280b57 elementor-widget elementor-widget-wpforms\" data-id=\"b280b57\" data-element_type=\"widget\" data-widget_type=\"wpforms.default\">\n\t\t\t\t<div class=\"elementor-widget-container\">\n\t\t\t\t\t<div class=\"wpforms-container wpforms-container-full wpforms-render-modern\" id=\"wpforms-2967\"><form id=\"wpforms-form-2967\" class=\"wpforms-validate wpforms-form wpforms-ajax-form\" data-formid=\"2967\" method=\"post\" enctype=\"multipart\/form-data\" action=\"\/index.php?rest_route=%2Fwp%2Fv2%2Fpages%2F2965\" data-token=\"cc4f0020aa87fad4ebfc385798f72414\" data-token-time=\"1778056810\"><noscript class=\"wpforms-error-noscript\">Veuillez activer JavaScript dans votre navigateur pour remplir ce formulaire.<\/noscript><div id=\"wpforms-error-noscript\" style=\"display: none;\">Veuillez activer JavaScript dans votre navigateur pour remplir ce formulaire.<\/div><div class=\"wpforms-field-container\">\t\t<div id=\"wpforms-2967-field_2-container\"\n\t\t\tclass=\"wpforms-field wpforms-field-text\"\n\t\t\tdata-field-type=\"text\"\n\t\t\tdata-field-id=\"2\"\n\t\t\t>\n\t\t\t<label class=\"wpforms-field-label\" for=\"wpforms-2967-field_2\" >de Nombre personnes<\/label>\n\t\t\t<input type=\"text\" id=\"wpforms-2967-field_2\" class=\"wpforms-field-medium\" name=\"wpforms[fields][2]\" >\n\t\t<\/div>\n\t\t<div id=\"wpforms-2967-field_1-container\" class=\"wpforms-field wpforms-field-name\" data-field-id=\"1\"><fieldset><legend class=\"wpforms-field-label\">Nom <span class=\"wpforms-required-label\" aria-hidden=\"true\">*<\/span><\/legend><div class=\"wpforms-field-row wpforms-field-medium\"><div class=\"wpforms-field-row-block wpforms-first wpforms-one-half\"><input type=\"text\" id=\"wpforms-2967-field_1\" class=\"wpforms-field-name-first wpforms-field-required\" name=\"wpforms[fields][1][first]\" aria-errormessage=\"wpforms-2967-field_1-error\" required><label for=\"wpforms-2967-field_1\" class=\"wpforms-field-sublabel after\">Pr\u00e9nom<\/label><\/div><div class=\"wpforms-field-row-block wpforms-one-half\"><input type=\"text\" id=\"wpforms-2967-field_1-last\" class=\"wpforms-field-name-last wpforms-field-required\" name=\"wpforms[fields][1][last]\" aria-errormessage=\"wpforms-2967-field_1-last-error\" required><label for=\"wpforms-2967-field_1-last\" class=\"wpforms-field-sublabel after\">Nom<\/label><\/div><\/div><\/fieldset><\/div><div id=\"wpforms-2967-field_7-container\" class=\"wpforms-field wpforms-field-text\" data-field-id=\"7\"><label class=\"wpforms-field-label\" for=\"wpforms-2967-field_7\"># de T\u00e9l\u00e9phone <span class=\"wpforms-required-label\" aria-hidden=\"true\">*<\/span><\/label><input type=\"text\" id=\"wpforms-2967-field_7\" class=\"wpforms-field-medium wpforms-field-required wpforms-limit-characters-enabled\" data-form-id=\"2967\" data-field-id=\"7\" data-text-limit=\"15\" name=\"wpforms[fields][7]\" aria-errormessage=\"wpforms-2967-field_7-error\" maxlength=\"15\" required><\/div><div id=\"wpforms-2967-field_6-container\" class=\"wpforms-field wpforms-field-radio\" data-field-id=\"6\"><fieldset><legend class=\"wpforms-field-label\">Nombre de personnes <span class=\"wpforms-required-label\" aria-hidden=\"true\">*<\/span><\/legend><ul id=\"wpforms-2967-field_6\" class=\"wpforms-field-required\"><li class=\"choice-1 depth-1\"><input type=\"radio\" id=\"wpforms-2967-field_6_1\" name=\"wpforms[fields][6]\" value=\"1 personne\" aria-errormessage=\"wpforms-2967-field_6_1-error\" required ><label class=\"wpforms-field-label-inline\" for=\"wpforms-2967-field_6_1\">1 personne<\/label><\/li><li class=\"choice-2 depth-1\"><input type=\"radio\" id=\"wpforms-2967-field_6_2\" name=\"wpforms[fields][6]\" value=\"2 personnes\" aria-errormessage=\"wpforms-2967-field_6_2-error\" required ><label class=\"wpforms-field-label-inline\" for=\"wpforms-2967-field_6_2\">2 personnes<\/label><\/li><li class=\"choice-3 depth-1\"><input type=\"radio\" id=\"wpforms-2967-field_6_3\" name=\"wpforms[fields][6]\" value=\"3 personnes ou plus\" aria-errormessage=\"wpforms-2967-field_6_3-error\" required ><label class=\"wpforms-field-label-inline\" for=\"wpforms-2967-field_6_3\">3 personnes ou plus<\/label><\/li><\/ul><\/fieldset><\/div><script>\n\t\t\t\t( function() {\n\t\t\t\t\tconst style = document.createElement( 'style' );\n\t\t\t\t\tstyle.appendChild( document.createTextNode( '#wpforms-2967-field_2-container { position: absolute !important; overflow: hidden !important; display: inline !important; height: 1px !important; width: 1px !important; z-index: -1000 !important; padding: 0 !important; } #wpforms-2967-field_2-container input { visibility: hidden; } #wpforms-conversational-form-page #wpforms-2967-field_2-container label { counter-increment: none; }' ) );\n\t\t\t\t\tdocument.head.appendChild( style );\n\t\t\t\t\tdocument.currentScript?.remove();\n\t\t\t\t} )();\n\t\t\t<\/script><\/div><!-- .wpforms-field-container --><div class=\"wpforms-recaptcha-container wpforms-is-recaptcha wpforms-is-recaptcha-type-v2\" ><div class=\"g-recaptcha\" data-sitekey=\"6LcjcnApAAAAADAKFCjpIbjx4BWzqaX_E4EoD9EC\"><\/div><input type=\"text\" name=\"g-recaptcha-hidden\" class=\"wpforms-recaptcha-hidden\" style=\"position:absolute!important;clip:rect(0,0,0,0)!important;height:1px!important;width:1px!important;border:0!important;overflow:hidden!important;padding:0!important;margin:0!important;\" data-rule-recaptcha=\"1\"><\/div><div class=\"wpforms-submit-container\" ><input type=\"hidden\" name=\"wpforms[id]\" value=\"2967\"><input type=\"hidden\" name=\"page_title\" value=\"\"><input type=\"hidden\" name=\"page_url\" value=\"https:\/\/www.lamigraine.ca\/index.php?rest_route=\/wp\/v2\/pages\/2965\"><input type=\"hidden\" name=\"url_referer\" value=\"\"><button type=\"submit\" name=\"wpforms[submit]\" id=\"wpforms-submit-2967\" class=\"wpforms-submit\" data-alt-text=\"Envoi...\" data-submit-text=\"Envoyer\" aria-live=\"assertive\" value=\"wpforms-submit\">Envoyer<\/button><img decoding=\"async\" src=\"https:\/\/www.lamigraine.ca\/wp-content\/plugins\/wpforms-lite\/assets\/images\/submit-spin.svg\" class=\"wpforms-submit-spinner\" style=\"display: none;\" width=\"26\" height=\"26\" alt=\"Chargement en cours\"><\/div><\/form><\/div>  <!-- .wpforms-container -->\t\t\t\t<\/div>\n\t\t\t\t<\/div>\n\t\t\t\t<\/div>\n\t\t\t\t<\/div>\n\t\t","protected":false},"excerpt":{"rendered":"<p>D\u00e9couvrez les activit\u00e9s sp\u00e9ciales et les s\u00e9ances d\u2019information organis\u00e9es par la Clinique La Migraine. Ces \u00e9v\u00e9nements sont con\u00e7us pour informer, soutenir et [&hellip;]<\/p>\n","protected":false},"author":5,"featured_media":0,"parent":0,"menu_order":0,"comment_status":"closed","ping_status":"closed","template":"","meta":{"_regular_price":[],"currency_symbol":[],"_monsterinsights_skip_tracking":false,"_monsterinsights_sitenote_active":false,"_monsterinsights_sitenote_note":"","_monsterinsights_sitenote_category":0,"footnotes":""},"class_list":["post-2965","page","type-page","status-publish","hentry"],"post_slider_layout_featured_media_urls":{"thumbnail":"","post_slider_layout_landscape_large":"","post_slider_layout_portrait_large":"","post_slider_layout_square_large":"","post_slider_layout_landscape":"","post_slider_layout_portrait":"","post_slider_layout_square":"","full":""},"yoast_head":"<!-- This site is optimized with the Yoast SEO plugin v26.8 - https:\/\/yoast.com\/product\/yoast-seo-wordpress\/ -->\n<title>Clinique La Migraine - Laval | \u00c9v\u00e8nements<\/title>\n<meta name=\"description\" content=\"Une clinique d\u00e9di\u00e9e \u00e0 soulager vos migraines! Nous prenons en charge une large gamme de maux de t\u00eate, allant des n\u00e9vralgies d\u2019Arnold et des c\u00e9phal\u00e9es de tension aux migraines avec aura et vestibulaires. La grande majorit\u00e9 de nos patients ont habituellement une grande am\u00e9lioration par rapport \u00e0 leurs migraines : une r\u00e9duction significative dans la douleur et la fr\u00e9quence. Nous utilisons des th\u00e9rapies sans recours aux m\u00e9dicaments pour traiter efficacement les migraines.\" \/>\n<meta name=\"robots\" content=\"index, follow, max-snippet:-1, max-image-preview:large, max-video-preview:-1\" \/>\n<link rel=\"canonical\" href=\"https:\/\/www.lamigraine.ca\/?page_id=2965\" \/>\n<meta property=\"og:locale\" content=\"fr_FR\" \/>\n<meta property=\"og:type\" content=\"article\" \/>\n<meta property=\"og:title\" content=\"Clinique La Migraine - Laval | \u00c9v\u00e8nements\" \/>\n<meta property=\"og:description\" content=\"Une clinique d\u00e9di\u00e9e \u00e0 soulager vos migraines! Nous prenons en charge une large gamme de maux de t\u00eate, allant des n\u00e9vralgies d\u2019Arnold et des c\u00e9phal\u00e9es de tension aux migraines avec aura et vestibulaires. La grande majorit\u00e9 de nos patients ont habituellement une grande am\u00e9lioration par rapport \u00e0 leurs migraines : une r\u00e9duction significative dans la douleur et la fr\u00e9quence. Nous utilisons des th\u00e9rapies sans recours aux m\u00e9dicaments pour traiter efficacement les migraines.\" \/>\n<meta property=\"og:url\" content=\"https:\/\/www.lamigraine.ca\/?page_id=2965\" \/>\n<meta property=\"og:site_name\" content=\"Clinique La Migraine - Laval\" \/>\n<meta property=\"article:publisher\" content=\"https:\/\/www.facebook.com\/cliniquelamigraine\" \/>\n<meta property=\"article:modified_time\" content=\"2025-09-16T22:35:32+00:00\" \/>\n<meta property=\"og:image\" content=\"https:\/\/www.lamigraine.ca\/wp-content\/uploads\/2025\/09\/Outreach-Poster-1.png\" \/>\n\t<meta property=\"og:image:width\" content=\"1545\" \/>\n\t<meta property=\"og:image:height\" content=\"2000\" \/>\n\t<meta property=\"og:image:type\" content=\"image\/png\" \/>\n<meta name=\"twitter:card\" content=\"summary_large_image\" \/>\n<meta name=\"twitter:label1\" content=\"Dur\u00e9e de lecture estim\u00e9e\" \/>\n\t<meta name=\"twitter:data1\" content=\"1 minute\" \/>\n<script type=\"application\/ld+json\" class=\"yoast-schema-graph\">{\"@context\":\"https:\/\/schema.org\",\"@graph\":[{\"@type\":\"WebPage\",\"@id\":\"https:\/\/www.lamigraine.ca\/?page_id=2965\",\"url\":\"https:\/\/www.lamigraine.ca\/?page_id=2965\",\"name\":\"Clinique La Migraine - Laval | \u00c9v\u00e8nements\",\"isPartOf\":{\"@id\":\"https:\/\/www.lamigraine.ca\/#website\"},\"primaryImageOfPage\":{\"@id\":\"https:\/\/www.lamigraine.ca\/?page_id=2965#primaryimage\"},\"image\":{\"@id\":\"https:\/\/www.lamigraine.ca\/?page_id=2965#primaryimage\"},\"thumbnailUrl\":\"https:\/\/www.lamigraine.ca\/wp-content\/uploads\/2025\/09\/Outreach-Poster-1-791x1024.png\",\"datePublished\":\"2025-09-12T15:57:58+00:00\",\"dateModified\":\"2025-09-16T22:35:32+00:00\",\"description\":\"Une clinique d\u00e9di\u00e9e \u00e0 soulager vos migraines! Nous prenons en charge une large gamme de maux de t\u00eate, allant des n\u00e9vralgies d\u2019Arnold et des c\u00e9phal\u00e9es de tension aux migraines avec aura et vestibulaires. La grande majorit\u00e9 de nos patients ont habituellement une grande am\u00e9lioration par rapport \u00e0 leurs migraines : une r\u00e9duction significative dans la douleur et la fr\u00e9quence. Nous utilisons des th\u00e9rapies sans recours aux m\u00e9dicaments pour traiter efficacement les migraines.\",\"breadcrumb\":{\"@id\":\"https:\/\/www.lamigraine.ca\/?page_id=2965#breadcrumb\"},\"inLanguage\":\"fr-FR\",\"potentialAction\":[{\"@type\":\"ReadAction\",\"target\":[\"https:\/\/www.lamigraine.ca\/?page_id=2965\"]}]},{\"@type\":\"ImageObject\",\"inLanguage\":\"fr-FR\",\"@id\":\"https:\/\/www.lamigraine.ca\/?page_id=2965#primaryimage\",\"url\":\"https:\/\/www.lamigraine.ca\/wp-content\/uploads\/2025\/09\/Outreach-Poster-1.png\",\"contentUrl\":\"https:\/\/www.lamigraine.ca\/wp-content\/uploads\/2025\/09\/Outreach-Poster-1.png\",\"width\":1545,\"height\":2000},{\"@type\":\"BreadcrumbList\",\"@id\":\"https:\/\/www.lamigraine.ca\/?page_id=2965#breadcrumb\",\"itemListElement\":[{\"@type\":\"ListItem\",\"position\":1,\"name\":\"Accueil\",\"item\":\"https:\/\/www.lamigraine.ca\/\"},{\"@type\":\"ListItem\",\"position\":2,\"name\":\"\u00c9v\u00e8nements\"}]},{\"@type\":\"WebSite\",\"@id\":\"https:\/\/www.lamigraine.ca\/#website\",\"url\":\"https:\/\/www.lamigraine.ca\/\",\"name\":\"Clinique La Migraine - Laval\",\"description\":\"Maux de t\u00eate et migraines? D\u00e9couvrez nos soins \u00e9prouv\u00e9s!\",\"publisher\":{\"@id\":\"https:\/\/www.lamigraine.ca\/#organization\"},\"potentialAction\":[{\"@type\":\"SearchAction\",\"target\":{\"@type\":\"EntryPoint\",\"urlTemplate\":\"https:\/\/www.lamigraine.ca\/?s={search_term_string}\"},\"query-input\":{\"@type\":\"PropertyValueSpecification\",\"valueRequired\":true,\"valueName\":\"search_term_string\"}}],\"inLanguage\":\"fr-FR\"},{\"@type\":\"Organization\",\"@id\":\"https:\/\/www.lamigraine.ca\/#organization\",\"name\":\"Clinique La Migraine - Laval\",\"url\":\"https:\/\/www.lamigraine.ca\/\",\"logo\":{\"@type\":\"ImageObject\",\"inLanguage\":\"fr-FR\",\"@id\":\"https:\/\/www.lamigraine.ca\/#\/schema\/logo\/image\/\",\"url\":\"https:\/\/www.lamigraine.ca\/wp-content\/uploads\/2024\/12\/Logo-La-Migraine-under.png\",\"contentUrl\":\"https:\/\/www.lamigraine.ca\/wp-content\/uploads\/2024\/12\/Logo-La-Migraine-under.png\",\"width\":384,\"height\":427,\"caption\":\"Clinique La Migraine - Laval\"},\"image\":{\"@id\":\"https:\/\/www.lamigraine.ca\/#\/schema\/logo\/image\/\"},\"sameAs\":[\"https:\/\/www.facebook.com\/cliniquelamigraine\"]}]}<\/script>\n<!-- \/ Yoast SEO plugin. -->","yoast_head_json":{"title":"Clinique La Migraine - Laval | \u00c9v\u00e8nements","description":"Une clinique d\u00e9di\u00e9e \u00e0 soulager vos migraines! Nous prenons en charge une large gamme de maux de t\u00eate, allant des n\u00e9vralgies d\u2019Arnold et des c\u00e9phal\u00e9es de tension aux migraines avec aura et vestibulaires. La grande majorit\u00e9 de nos patients ont habituellement une grande am\u00e9lioration par rapport \u00e0 leurs migraines : une r\u00e9duction significative dans la douleur et la fr\u00e9quence. Nous utilisons des th\u00e9rapies sans recours aux m\u00e9dicaments pour traiter efficacement les migraines.","robots":{"index":"index","follow":"follow","max-snippet":"max-snippet:-1","max-image-preview":"max-image-preview:large","max-video-preview":"max-video-preview:-1"},"canonical":"https:\/\/www.lamigraine.ca\/?page_id=2965","og_locale":"fr_FR","og_type":"article","og_title":"Clinique La Migraine - Laval | \u00c9v\u00e8nements","og_description":"Une clinique d\u00e9di\u00e9e \u00e0 soulager vos migraines! Nous prenons en charge une large gamme de maux de t\u00eate, allant des n\u00e9vralgies d\u2019Arnold et des c\u00e9phal\u00e9es de tension aux migraines avec aura et vestibulaires. La grande majorit\u00e9 de nos patients ont habituellement une grande am\u00e9lioration par rapport \u00e0 leurs migraines : une r\u00e9duction significative dans la douleur et la fr\u00e9quence. Nous utilisons des th\u00e9rapies sans recours aux m\u00e9dicaments pour traiter efficacement les migraines.","og_url":"https:\/\/www.lamigraine.ca\/?page_id=2965","og_site_name":"Clinique La Migraine - Laval","article_publisher":"https:\/\/www.facebook.com\/cliniquelamigraine","article_modified_time":"2025-09-16T22:35:32+00:00","og_image":[{"width":1545,"height":2000,"url":"https:\/\/www.lamigraine.ca\/wp-content\/uploads\/2025\/09\/Outreach-Poster-1.png","type":"image\/png"}],"twitter_card":"summary_large_image","twitter_misc":{"Dur\u00e9e de lecture estim\u00e9e":"1 minute"},"schema":{"@context":"https:\/\/schema.org","@graph":[{"@type":"WebPage","@id":"https:\/\/www.lamigraine.ca\/?page_id=2965","url":"https:\/\/www.lamigraine.ca\/?page_id=2965","name":"Clinique La Migraine - Laval | \u00c9v\u00e8nements","isPartOf":{"@id":"https:\/\/www.lamigraine.ca\/#website"},"primaryImageOfPage":{"@id":"https:\/\/www.lamigraine.ca\/?page_id=2965#primaryimage"},"image":{"@id":"https:\/\/www.lamigraine.ca\/?page_id=2965#primaryimage"},"thumbnailUrl":"https:\/\/www.lamigraine.ca\/wp-content\/uploads\/2025\/09\/Outreach-Poster-1-791x1024.png","datePublished":"2025-09-12T15:57:58+00:00","dateModified":"2025-09-16T22:35:32+00:00","description":"Une clinique d\u00e9di\u00e9e \u00e0 soulager vos migraines! Nous prenons en charge une large gamme de maux de t\u00eate, allant des n\u00e9vralgies d\u2019Arnold et des c\u00e9phal\u00e9es de tension aux migraines avec aura et vestibulaires. La grande majorit\u00e9 de nos patients ont habituellement une grande am\u00e9lioration par rapport \u00e0 leurs migraines : une r\u00e9duction significative dans la douleur et la fr\u00e9quence. Nous utilisons des th\u00e9rapies sans recours aux m\u00e9dicaments pour traiter efficacement les migraines.","breadcrumb":{"@id":"https:\/\/www.lamigraine.ca\/?page_id=2965#breadcrumb"},"inLanguage":"fr-FR","potentialAction":[{"@type":"ReadAction","target":["https:\/\/www.lamigraine.ca\/?page_id=2965"]}]},{"@type":"ImageObject","inLanguage":"fr-FR","@id":"https:\/\/www.lamigraine.ca\/?page_id=2965#primaryimage","url":"https:\/\/www.lamigraine.ca\/wp-content\/uploads\/2025\/09\/Outreach-Poster-1.png","contentUrl":"https:\/\/www.lamigraine.ca\/wp-content\/uploads\/2025\/09\/Outreach-Poster-1.png","width":1545,"height":2000},{"@type":"BreadcrumbList","@id":"https:\/\/www.lamigraine.ca\/?page_id=2965#breadcrumb","itemListElement":[{"@type":"ListItem","position":1,"name":"Accueil","item":"https:\/\/www.lamigraine.ca\/"},{"@type":"ListItem","position":2,"name":"\u00c9v\u00e8nements"}]},{"@type":"WebSite","@id":"https:\/\/www.lamigraine.ca\/#website","url":"https:\/\/www.lamigraine.ca\/","name":"Clinique La Migraine - Laval","description":"Maux de t\u00eate et migraines? D\u00e9couvrez nos soins \u00e9prouv\u00e9s!","publisher":{"@id":"https:\/\/www.lamigraine.ca\/#organization"},"potentialAction":[{"@type":"SearchAction","target":{"@type":"EntryPoint","urlTemplate":"https:\/\/www.lamigraine.ca\/?s={search_term_string}"},"query-input":{"@type":"PropertyValueSpecification","valueRequired":true,"valueName":"search_term_string"}}],"inLanguage":"fr-FR"},{"@type":"Organization","@id":"https:\/\/www.lamigraine.ca\/#organization","name":"Clinique La Migraine - Laval","url":"https:\/\/www.lamigraine.ca\/","logo":{"@type":"ImageObject","inLanguage":"fr-FR","@id":"https:\/\/www.lamigraine.ca\/#\/schema\/logo\/image\/","url":"https:\/\/www.lamigraine.ca\/wp-content\/uploads\/2024\/12\/Logo-La-Migraine-under.png","contentUrl":"https:\/\/www.lamigraine.ca\/wp-content\/uploads\/2024\/12\/Logo-La-Migraine-under.png","width":384,"height":427,"caption":"Clinique La Migraine - Laval"},"image":{"@id":"https:\/\/www.lamigraine.ca\/#\/schema\/logo\/image\/"},"sameAs":["https:\/\/www.facebook.com\/cliniquelamigraine"]}]}},"_links":{"self":[{"href":"https:\/\/www.lamigraine.ca\/index.php?rest_route=\/wp\/v2\/pages\/2965","targetHints":{"allow":["GET"]}}],"collection":[{"href":"https:\/\/www.lamigraine.ca\/index.php?rest_route=\/wp\/v2\/pages"}],"about":[{"href":"https:\/\/www.lamigraine.ca\/index.php?rest_route=\/wp\/v2\/types\/page"}],"author":[{"embeddable":true,"href":"https:\/\/www.lamigraine.ca\/index.php?rest_route=\/wp\/v2\/users\/5"}],"replies":[{"embeddable":true,"href":"https:\/\/www.lamigraine.ca\/index.php?rest_route=%2Fwp%2Fv2%2Fcomments&post=2965"}],"version-history":[{"count":13,"href":"https:\/\/www.lamigraine.ca\/index.php?rest_route=\/wp\/v2\/pages\/2965\/revisions"}],"predecessor-version":[{"id":2995,"href":"https:\/\/www.lamigraine.ca\/index.php?rest_route=\/wp\/v2\/pages\/2965\/revisions\/2995"}],"wp:attachment":[{"href":"https:\/\/www.lamigraine.ca\/index.php?rest_route=%2Fwp%2Fv2%2Fmedia&parent=2965"}],"curies":[{"name":"wp","href":"https:\/\/api.w.org\/{rel}","templated":true}]}}